{"id":197,"date":"2025-06-25T15:54:26","date_gmt":"2025-06-25T15:54:26","guid":{"rendered":"https:\/\/anchorthenorth.com\/events-page\/"},"modified":"2026-03-31T09:20:04","modified_gmt":"2026-03-31T09:20:04","slug":"events-page","status":"publish","type":"page","link":"https:\/\/anchorthenorth.com\/fr\/events-page\/","title":{"rendered":"\u00c9venements"},"content":{"rendered":"<div class=\"wp-block-columns alignwide is-layout-flex wp-container-core-columns-is-layout-9d6595d7 wp-block-columns-is-layout-flex\">\n<div class=\"wp-block-column coblocks-animate is-layout-flow wp-block-column-is-layout-flow\" style=\"flex-basis:70%\" data-coblocks-animation=\"slideInLeft\">\n<h4 class=\"wp-block-heading has-text-align-left\">\u00c9v\u00e9nements Ancr\u00e9s \u2014 L\u00e0 o\u00f9 la Terre et le rythme se rencontrent<\/h4>\n\n\n\n<p style=\"font-size:15px\"><strong>En ce moment, on rassemble les fonds<\/strong> pour faire ce que peu osent imaginer :<br><strong>Reverse a loop that divides us, weakens us, and reduces our lifespan expectancy.<\/strong><\/p>\n\n\n\n<p style=\"font-size:15px\"><br>If we amass enough funds to buy an abandonned farmland, I will hold<\/p>\n\n\n\n<p style=\"font-size:15px\">a special event where everyone will be given a young sappling to plant.<\/p>\n\n\n\n<p style=\"font-size:15px\">There will be a stage in the middle of it to provide a spectacle, but <\/p>\n\n\n\n<p>nothing too crazy, the real Stars are going to be Us and our Trees.<\/p>\n\n\n\n<div class=\"wp-block-group is-nowrap is-layout-flex wp-container-core-group-is-layout-ad2f72ca wp-block-group-is-layout-flex\">\n<p><strong>And after the<\/strong> <strong>biggest show Earth has ever been gifted..<\/strong>.<\/p>\n<\/div>\n\n\n\n<p><\/p>\n\n\n\n<p>We will plant our young trees and say thanks, see you on the next.<\/p>\n\n\n\n<p><\/p>\n\n\n\n<p style=\"font-size:15px\">Venez nous aider <strong>\u00e0 ancrer la Terre \u2014 avec des racines et du rythme.<\/strong><br>Faisons l\u2019histoire\u2026 et <strong>faisons-la bruyamment.<\/strong><\/p>\n\n\n\n<div class=\"wp-block-buttons is-layout-flex wp-block-buttons-is-layout-flex\">\n<div class=\"wp-block-button\"><a class=\"wp-block-button__link wp-element-button\" href=\"https:\/\/gofund.me\/2a9f859bb\">Faites un don maintenant!<\/a><\/div>\n\n\n\n<div class=\"wp-block-button\"><a class=\"wp-block-button__link wp-element-button\" href=\"https:\/\/anchorthenorth.com\/fr\/contact-page\/\">Contact US!<\/a><\/div>\n<\/div>\n<\/div>\n\n\n\n<div class=\"wp-block-column is-layout-flow wp-block-column-is-layout-flow\" style=\"flex-basis:30%\">\n<figure class=\"wp-block-image size-full\"><img loading=\"lazy\" decoding=\"async\" width=\"2560\" height=\"1708\" src=\"https:\/\/anchorthenorth.com\/wp-content\/uploads\/2026\/03\/Party.jpg\" alt=\"\" class=\"wp-image-535\" srcset=\"https:\/\/anchorthenorth.com\/wp-content\/uploads\/2026\/03\/Party.jpg 2560w, https:\/\/anchorthenorth.com\/wp-content\/uploads\/2026\/03\/Party-300x200.jpg 300w, https:\/\/anchorthenorth.com\/wp-content\/uploads\/2026\/03\/Party-1024x683.jpg 1024w, https:\/\/anchorthenorth.com\/wp-content\/uploads\/2026\/03\/Party-768x512.jpg 768w, https:\/\/anchorthenorth.com\/wp-content\/uploads\/2026\/03\/Party-1536x1025.jpg 1536w, https:\/\/anchorthenorth.com\/wp-content\/uploads\/2026\/03\/Party-2048x1366.jpg 2048w, https:\/\/anchorthenorth.com\/wp-content\/uploads\/2026\/03\/Party-18x12.jpg 18w, https:\/\/anchorthenorth.com\/wp-content\/uploads\/2026\/03\/Party-600x400.jpg 600w\" sizes=\"auto, (max-width: 2560px) 100vw, 2560px\" \/><\/figure>\n<\/div>\n<\/div>\n\n\n\n<p><\/p>","protected":false},"excerpt":{"rendered":"<p>Anchor Events \u2014 Where the Earth and Rhythm Meet Right now, we\u2019re amassing the funds to do something few dare to dream of:Reverse a loop that divides us, weakens us, and reduces our lifespan expectancy. If we amass enough funds to buy an abandonned farmland, I will hold a special event where everyone will be [&hellip;]<\/p>\n","protected":false},"author":1,"featured_media":0,"parent":0,"menu_order":0,"comment_status":"closed","ping_status":"closed","template":"","meta":{"_coblocks_attr":"","_coblocks_dimensions":"","_coblocks_responsive_height":"","_coblocks_accordion_ie_support":"","hide_page_title":"enabled","footnotes":""},"class_list":["post-197","page","type-page","status-publish","hentry"],"yoast_head":"<!-- This site is optimized with the Yoast SEO plugin v27.4 - https:\/\/yoast.com\/product\/yoast-seo-wordpress\/ -->\n<title>Events - Anchor The North<\/title>\n<meta name=\"robots\" content=\"index, follow, max-snippet:-1, max-image-preview:large, max-video-preview:-1\" \/>\n<link rel=\"canonical\" href=\"https:\/\/anchorthenorth.com\/fr\/events-page\/\" \/>\n<meta property=\"og:locale\" content=\"fr_CA\" \/>\n<meta property=\"og:type\" content=\"article\" \/>\n<meta property=\"og:title\" content=\"Events - Anchor The North\" \/>\n<meta property=\"og:description\" content=\"Anchor Events \u2014 Where the Earth and Rhythm Meet Right now, we\u2019re amassing the funds to do something few dare to dream of:Reverse a loop that divides us, weakens us, and reduces our lifespan expectancy. If we amass enough funds to buy an abandonned farmland, I will hold a special event where everyone will be [&hellip;]\" \/>\n<meta property=\"og:url\" content=\"https:\/\/anchorthenorth.com\/fr\/events-page\/\" \/>\n<meta property=\"og:site_name\" content=\"Anchor The North\" \/>\n<meta property=\"article:modified_time\" content=\"2026-03-31T09:20:04+00:00\" \/>\n<meta property=\"og:image\" content=\"https:\/\/anchorthenorth.com\/wp-content\/uploads\/2026\/03\/Party.jpg\" \/>\n\t<meta property=\"og:image:width\" content=\"2560\" \/>\n\t<meta property=\"og:image:height\" content=\"1708\" \/>\n\t<meta property=\"og:image:type\" content=\"image\/jpeg\" \/>\n<meta name=\"twitter:card\" content=\"summary_large_image\" \/>\n<meta name=\"twitter:label1\" content=\"Estimation du temps de lecture\" \/>\n\t<meta name=\"twitter:data1\" content=\"1 minute\" \/>\n<script type=\"application\/ld+json\" class=\"yoast-schema-graph\">{\"@context\":\"https:\\\/\\\/schema.org\",\"@graph\":[{\"@type\":\"WebPage\",\"@id\":\"https:\\\/\\\/anchorthenorth.com\\\/events-page\\\/\",\"url\":\"https:\\\/\\\/anchorthenorth.com\\\/events-page\\\/\",\"name\":\"Events - Anchor The North\",\"isPartOf\":{\"@id\":\"https:\\\/\\\/anchorthenorth.com\\\/en\\\/#website\"},\"primaryImageOfPage\":{\"@id\":\"https:\\\/\\\/anchorthenorth.com\\\/events-page\\\/#primaryimage\"},\"image\":{\"@id\":\"https:\\\/\\\/anchorthenorth.com\\\/events-page\\\/#primaryimage\"},\"thumbnailUrl\":\"https:\\\/\\\/anchorthenorth.com\\\/wp-content\\\/uploads\\\/2026\\\/03\\\/Party.jpg\",\"datePublished\":\"2025-06-25T15:54:26+00:00\",\"dateModified\":\"2026-03-31T09:20:04+00:00\",\"breadcrumb\":{\"@id\":\"https:\\\/\\\/anchorthenorth.com\\\/events-page\\\/#breadcrumb\"},\"inLanguage\":\"fr-CA\",\"potentialAction\":[{\"@type\":\"ReadAction\",\"target\":[\"https:\\\/\\\/anchorthenorth.com\\\/events-page\\\/\"]}]},{\"@type\":\"ImageObject\",\"inLanguage\":\"fr-CA\",\"@id\":\"https:\\\/\\\/anchorthenorth.com\\\/events-page\\\/#primaryimage\",\"url\":\"https:\\\/\\\/anchorthenorth.com\\\/wp-content\\\/uploads\\\/2026\\\/03\\\/Party.jpg\",\"contentUrl\":\"https:\\\/\\\/anchorthenorth.com\\\/wp-content\\\/uploads\\\/2026\\\/03\\\/Party.jpg\"},{\"@type\":\"BreadcrumbList\",\"@id\":\"https:\\\/\\\/anchorthenorth.com\\\/events-page\\\/#breadcrumb\",\"itemListElement\":[{\"@type\":\"ListItem\",\"position\":1,\"name\":\"Home\",\"item\":\"https:\\\/\\\/anchorthenorth.com\\\/\"},{\"@type\":\"ListItem\",\"position\":2,\"name\":\"Events\"}]},{\"@type\":\"WebSite\",\"@id\":\"https:\\\/\\\/anchorthenorth.com\\\/en\\\/#website\",\"url\":\"https:\\\/\\\/anchorthenorth.com\\\/en\\\/\",\"name\":\"Anchor The North\",\"description\":\"Our mission is to reforest and rebalance our climate\",\"publisher\":{\"@id\":\"https:\\\/\\\/anchorthenorth.com\\\/en\\\/#organization\"},\"potentialAction\":[{\"@type\":\"SearchAction\",\"target\":{\"@type\":\"EntryPoint\",\"urlTemplate\":\"https:\\\/\\\/anchorthenorth.com\\\/en\\\/?s={search_term_string}\"},\"query-input\":{\"@type\":\"PropertyValueSpecification\",\"valueRequired\":true,\"valueName\":\"search_term_string\"}}],\"inLanguage\":\"fr-CA\"},{\"@type\":\"Organization\",\"@id\":\"https:\\\/\\\/anchorthenorth.com\\\/en\\\/#organization\",\"name\":\"Anchor The North\",\"url\":\"https:\\\/\\\/anchorthenorth.com\\\/en\\\/\",\"logo\":{\"@type\":\"ImageObject\",\"inLanguage\":\"fr-CA\",\"@id\":\"https:\\\/\\\/anchorthenorth.com\\\/en\\\/#\\\/schema\\\/logo\\\/image\\\/\",\"url\":\"https:\\\/\\\/anchorthenorth.com\\\/wp-content\\\/uploads\\\/2025\\\/06\\\/cropped-e50628f6-543d-4982-b8cf-562a9bc4bed4.png\",\"contentUrl\":\"https:\\\/\\\/anchorthenorth.com\\\/wp-content\\\/uploads\\\/2025\\\/06\\\/cropped-e50628f6-543d-4982-b8cf-562a9bc4bed4.png\",\"width\":1024,\"height\":1024,\"caption\":\"Anchor The North\"},\"image\":{\"@id\":\"https:\\\/\\\/anchorthenorth.com\\\/en\\\/#\\\/schema\\\/logo\\\/image\\\/\"}}]}<\/script>\n<!-- \/ Yoast SEO plugin. -->","yoast_head_json":{"title":"Events - Anchor The North","robots":{"index":"index","follow":"follow","max-snippet":"max-snippet:-1","max-image-preview":"max-image-preview:large","max-video-preview":"max-video-preview:-1"},"canonical":"https:\/\/anchorthenorth.com\/fr\/events-page\/","og_locale":"fr_CA","og_type":"article","og_title":"Events - Anchor The North","og_description":"Anchor Events \u2014 Where the Earth and Rhythm Meet Right now, we\u2019re amassing the funds to do something few dare to dream of:Reverse a loop that divides us, weakens us, and reduces our lifespan expectancy. If we amass enough funds to buy an abandonned farmland, I will hold a special event where everyone will be [&hellip;]","og_url":"https:\/\/anchorthenorth.com\/fr\/events-page\/","og_site_name":"Anchor The North","article_modified_time":"2026-03-31T09:20:04+00:00","og_image":[{"width":2560,"height":1708,"url":"https:\/\/anchorthenorth.com\/wp-content\/uploads\/2026\/03\/Party.jpg","type":"image\/jpeg"}],"twitter_card":"summary_large_image","twitter_misc":{"Estimation du temps de lecture":"1 minute"},"schema":{"@context":"https:\/\/schema.org","@graph":[{"@type":"WebPage","@id":"https:\/\/anchorthenorth.com\/events-page\/","url":"https:\/\/anchorthenorth.com\/events-page\/","name":"Events - Anchor The North","isPartOf":{"@id":"https:\/\/anchorthenorth.com\/en\/#website"},"primaryImageOfPage":{"@id":"https:\/\/anchorthenorth.com\/events-page\/#primaryimage"},"image":{"@id":"https:\/\/anchorthenorth.com\/events-page\/#primaryimage"},"thumbnailUrl":"https:\/\/anchorthenorth.com\/wp-content\/uploads\/2026\/03\/Party.jpg","datePublished":"2025-06-25T15:54:26+00:00","dateModified":"2026-03-31T09:20:04+00:00","breadcrumb":{"@id":"https:\/\/anchorthenorth.com\/events-page\/#breadcrumb"},"inLanguage":"fr-CA","potentialAction":[{"@type":"ReadAction","target":["https:\/\/anchorthenorth.com\/events-page\/"]}]},{"@type":"ImageObject","inLanguage":"fr-CA","@id":"https:\/\/anchorthenorth.com\/events-page\/#primaryimage","url":"https:\/\/anchorthenorth.com\/wp-content\/uploads\/2026\/03\/Party.jpg","contentUrl":"https:\/\/anchorthenorth.com\/wp-content\/uploads\/2026\/03\/Party.jpg"},{"@type":"BreadcrumbList","@id":"https:\/\/anchorthenorth.com\/events-page\/#breadcrumb","itemListElement":[{"@type":"ListItem","position":1,"name":"Home","item":"https:\/\/anchorthenorth.com\/"},{"@type":"ListItem","position":2,"name":"Events"}]},{"@type":"WebSite","@id":"https:\/\/anchorthenorth.com\/en\/#website","url":"https:\/\/anchorthenorth.com\/en\/","name":"Anchor The North","description":"Our mission is to reforest and rebalance our climate","publisher":{"@id":"https:\/\/anchorthenorth.com\/en\/#organization"},"potentialAction":[{"@type":"SearchAction","target":{"@type":"EntryPoint","urlTemplate":"https:\/\/anchorthenorth.com\/en\/?s={search_term_string}"},"query-input":{"@type":"PropertyValueSpecification","valueRequired":true,"valueName":"search_term_string"}}],"inLanguage":"fr-CA"},{"@type":"Organization","@id":"https:\/\/anchorthenorth.com\/en\/#organization","name":"Anchor The North","url":"https:\/\/anchorthenorth.com\/en\/","logo":{"@type":"ImageObject","inLanguage":"fr-CA","@id":"https:\/\/anchorthenorth.com\/en\/#\/schema\/logo\/image\/","url":"https:\/\/anchorthenorth.com\/wp-content\/uploads\/2025\/06\/cropped-e50628f6-543d-4982-b8cf-562a9bc4bed4.png","contentUrl":"https:\/\/anchorthenorth.com\/wp-content\/uploads\/2025\/06\/cropped-e50628f6-543d-4982-b8cf-562a9bc4bed4.png","width":1024,"height":1024,"caption":"Anchor The North"},"image":{"@id":"https:\/\/anchorthenorth.com\/en\/#\/schema\/logo\/image\/"}}]}},"jetpack_sharing_enabled":true,"_links":{"self":[{"href":"https:\/\/anchorthenorth.com\/fr\/wp-json\/wp\/v2\/pages\/197","targetHints":{"allow":["GET"]}}],"collection":[{"href":"https:\/\/anchorthenorth.com\/fr\/wp-json\/wp\/v2\/pages"}],"about":[{"href":"https:\/\/anchorthenorth.com\/fr\/wp-json\/wp\/v2\/types\/page"}],"author":[{"embeddable":true,"href":"https:\/\/anchorthenorth.com\/fr\/wp-json\/wp\/v2\/users\/1"}],"replies":[{"embeddable":true,"href":"https:\/\/anchorthenorth.com\/fr\/wp-json\/wp\/v2\/comments?post=197"}],"version-history":[{"count":13,"href":"https:\/\/anchorthenorth.com\/fr\/wp-json\/wp\/v2\/pages\/197\/revisions"}],"predecessor-version":[{"id":569,"href":"https:\/\/anchorthenorth.com\/fr\/wp-json\/wp\/v2\/pages\/197\/revisions\/569"}],"wp:attachment":[{"href":"https:\/\/anchorthenorth.com\/fr\/wp-json\/wp\/v2\/media?parent=197"}],"curies":[{"name":"wp","href":"https:\/\/api.w.org\/{rel}","templated":true}]}}