{"id":196,"date":"2025-06-25T15:54:26","date_gmt":"2025-06-25T15:54:26","guid":{"rendered":"https:\/\/anchorthenorth.com\/faq-page\/"},"modified":"2026-04-18T19:02:15","modified_gmt":"2026-04-18T19:02:15","slug":"faq-page","status":"publish","type":"page","link":"https:\/\/anchorthenorth.com\/fr\/faq-page\/","title":{"rendered":"FAQ"},"content":{"rendered":"<div class=\"wp-block-columns alignwide is-layout-flex wp-container-core-columns-is-layout-9d6595d7 wp-block-columns-is-layout-flex\">\n<div class=\"wp-block-column is-layout-flow wp-block-column-is-layout-flow\" style=\"flex-basis:30%\">\n<figure class=\"wp-block-image size-large\"><img loading=\"lazy\" decoding=\"async\" width=\"1024\" height=\"683\" src=\"https:\/\/anchorthenorth.com\/wp-content\/uploads\/2025\/07\/How-to-Grow-Weeping-Willow-Feature-1024x683.jpg\" alt=\"\" class=\"wp-image-399\" style=\"aspect-ratio:3\/4;object-fit:cover\" srcset=\"https:\/\/anchorthenorth.com\/wp-content\/uploads\/2025\/07\/How-to-Grow-Weeping-Willow-Feature-1024x683.jpg 1024w, https:\/\/anchorthenorth.com\/wp-content\/uploads\/2025\/07\/How-to-Grow-Weeping-Willow-Feature-300x200.jpg 300w, https:\/\/anchorthenorth.com\/wp-content\/uploads\/2025\/07\/How-to-Grow-Weeping-Willow-Feature-768x512.jpg 768w, https:\/\/anchorthenorth.com\/wp-content\/uploads\/2025\/07\/How-to-Grow-Weeping-Willow-Feature-600x400.jpg 600w, https:\/\/anchorthenorth.com\/wp-content\/uploads\/2025\/07\/How-to-Grow-Weeping-Willow-Feature.jpg 1200w\" sizes=\"auto, (max-width: 1024px) 100vw, 1024px\" \/><\/figure>\n<\/div>\n\n\n\n<div class=\"wp-block-column is-layout-flow wp-block-column-is-layout-flow\" style=\"flex-basis:70%\">\n<div class=\"wp-block-group mt-0\" style=\"padding-bottom:0\"><div class=\"wp-block-group__inner-container is-layout-constrained wp-block-group-is-layout-constrained\">\n<div class=\"wp-block-coblocks-faq alignwide\" itemscope itemtype=\"https:\/\/schema.org\/FAQPage\">\n<h4 class=\"wp-block-heading wp-block-coblocks-faq__heading\">Foire Aux Questions<\/h4>\n\n\n\n<details class=\"wp-block-coblocks-faq-item\" itemprop=\"mainEntity\" itemscope itemtype=\"https:\/\/schema.org\/Question\"><summary class=\"wp-block-coblocks-faq-item__question\" itemprop=\"name\"><div class=\"wp-block-coblocks-faq-item__question__content\">Qu'est-ce que Anchor The North?<\/div><svg fill=\"none\" viewbox=\"0 0 24 24\" xmlns=\"http:\/\/www.w3.org\/2000\/svg\" width=\"24\" height=\"24\" class=\"wp-block-coblocks-faq-item__question__icon\" aria-hidden=\"true\"><path fill=\"currentColor\" fill-rule=\"evenodd\" clip-rule=\"evenodd\" d=\"M19.39 14.99l-1.41 1.41L12 10.43 6.02 16.4l-1.41-1.41L12 7.6l7.39 7.39z\"><\/path><\/svg><\/summary><div class=\"wp-block-coblocks-faq-item__answer\" itemprop=\"acceptedAnswer\" itemscope itemtype=\"https:\/\/schema.org\/Answer\"><div itemprop=\"text\">\n<p><strong>Anchor The North<\/strong> est une mission de reboisement men\u00e9e en solo, ancr\u00e9e dans l\u2019amour, non dans la bureaucratie.<br>Je plante des arbres natifs <strong>d'ancrage<\/strong> \u2014 oaks, willows, maples \u2014 to restore balance to lands stripped by fire, industry, and neglect.<br>Ce n\u2019est pas un projet. C\u2019est une promesse. Un arbre, une for\u00eat, un avenir \u00e0 la fois.<\/p>\n<\/div><\/div><\/details>\n\n\n\n<details class=\"wp-block-coblocks-faq-item\" itemprop=\"mainEntity\" itemscope itemtype=\"https:\/\/schema.org\/Question\"><summary class=\"wp-block-coblocks-faq-item__question\" itemprop=\"name\"><div class=\"wp-block-coblocks-faq-item__question__content\">Pourquoi des \u201carbres d\u2019ancrage\u201d ?<\/div><svg fill=\"none\" viewbox=\"0 0 24 24\" xmlns=\"http:\/\/www.w3.org\/2000\/svg\" width=\"24\" height=\"24\" class=\"wp-block-coblocks-faq-item__question__icon\" aria-hidden=\"true\"><path fill=\"currentColor\" fill-rule=\"evenodd\" clip-rule=\"evenodd\" d=\"M19.39 14.99l-1.41 1.41L12 10.43 6.02 16.4l-1.41-1.41L12 7.6l7.39 7.39z\"><\/path><\/svg><\/summary><div class=\"wp-block-coblocks-faq-item__answer\" itemprop=\"acceptedAnswer\" itemscope itemtype=\"https:\/\/schema.org\/Answer\"><div itemprop=\"text\">\n<p><strong>Anchor trees are the guardians of the forest.<\/strong><\/p>\n\n\n\n<p>Every vulnerable life form depends on an anchor that provides stability, shelter, energy, and comfort. This principle operates across all scales of nature: from mycelium forming mycorrhizal alliances with roots, to the Sun anchoring the Earth within a life-giving system.<\/p>\n\n\n\n<p>Nature loves repeating efficient patterns.<\/p>\n\n\n\n<p>And this pattern also lives within us, and within our societies.<\/p>\n\n\n\n<p>Every vulnerable mind needs meaning as an anchor, providing direction and the resilience to follow it.<\/p>\n\n\n\n<p>Every vulnerable society needs trust as an anchor, enabling cooperation and the unity required to create real change.<\/p>\n<\/div><\/div><\/details>\n\n\n\n<details class=\"wp-block-coblocks-faq-item\" itemprop=\"mainEntity\" itemscope itemtype=\"https:\/\/schema.org\/Question\"><summary class=\"wp-block-coblocks-faq-item__question\" itemprop=\"name\"><div class=\"wp-block-coblocks-faq-item__question__content\">O\u00f9 cela se passe-t-il ?<\/div><svg fill=\"none\" viewbox=\"0 0 24 24\" xmlns=\"http:\/\/www.w3.org\/2000\/svg\" width=\"24\" height=\"24\" class=\"wp-block-coblocks-faq-item__question__icon\" aria-hidden=\"true\"><path fill=\"currentColor\" fill-rule=\"evenodd\" clip-rule=\"evenodd\" d=\"M19.39 14.99l-1.41 1.41L12 10.43 6.02 16.4l-1.41-1.41L12 7.6l7.39 7.39z\"><\/path><\/svg><\/summary><div class=\"wp-block-coblocks-faq-item__answer\" itemprop=\"acceptedAnswer\" itemscope itemtype=\"https:\/\/schema.org\/Answer\"><div itemprop=\"text\">\n<p>I\u2019m starting in the North of Quebec, replanting the silent zones left behind by fires and logging.<br>Avec le temps, je traverserai les cicatrices oubli\u00e9es du Nord, en enracinant des for\u00eats l\u00e0 o\u00f9 il ne reste que des \u00e9chos. <\/p>\n\n\n\n<p>I will also work to secure donations and reinvest these resources in the most efficient and intelligent ways available, targeting the root causes of our societal challenges.<\/p>\n\n\n\n<p class=\"is-style-default\"><strong>Only a few<\/strong> could sense a threat by this iteration.<\/p>\n\n\n\n<p>Coincidently, <strong>only a few<\/strong> truly benefit from this system. <\/p>\n\n\n\n<p>A system imposed by <strong>only a few<\/strong>, and that ravaged forests once filled with giants that were older than the cities that replaced them. <\/p>\n\n\n\n<p>Today the average tree has a life expectancy of around 80 years in general, and dies in tragic conditions. <\/p>\n\n\n\n<p>Once again, Nature doing what it does best, repeating recognizable patterns over different scales.<\/p>\n\n\n\n<p>These giant dinosaurs.. were they dying of cancer at the base of massive monster trees by the age of 80 on average?<\/p>\n\n\n\n<p>It&#8217;s time to claim what&#8217;s ours. And if <strong>only a few<\/strong> oppose to this idea, I suggest we allocate locals in kindergartens where they can keep playing cowboys, natives and george washington.<br>Humanity has been promoted to first grade. Congratulations.<\/p>\n<\/div><\/div><\/details>\n\n\n\n<details class=\"wp-block-coblocks-faq-item\" itemprop=\"mainEntity\" itemscope itemtype=\"https:\/\/schema.org\/Question\"><summary class=\"wp-block-coblocks-faq-item__question\" itemprop=\"name\"><div class=\"wp-block-coblocks-faq-item__question__content\">Est-ce que tu fais \u00e7a seul ?<\/div><svg fill=\"none\" viewbox=\"0 0 24 24\" xmlns=\"http:\/\/www.w3.org\/2000\/svg\" width=\"24\" height=\"24\" class=\"wp-block-coblocks-faq-item__question__icon\" aria-hidden=\"true\"><path fill=\"currentColor\" fill-rule=\"evenodd\" clip-rule=\"evenodd\" d=\"M19.39 14.99l-1.41 1.41L12 10.43 6.02 16.4l-1.41-1.41L12 7.6l7.39 7.39z\"><\/path><\/svg><\/summary><div class=\"wp-block-coblocks-faq-item__answer\" itemprop=\"acceptedAnswer\" itemscope itemtype=\"https:\/\/schema.org\/Answer\"><div itemprop=\"text\">\n<p>Physiquement, oui. Mais pas spirituellement.<br>Je suis soutenu par la <strong>Terre en dessous<\/strong>, le <strong>Soleil au-dessus<\/strong>, et maintenant\u2026 <strong>You.<\/strong><br>Si tu lis jusque-l\u00e0, c\u2019est qu\u2019on est d\u00e9j\u00e0 connect\u00e9s.<\/p>\n<\/div><\/div><\/details>\n\n\n\n<details class=\"wp-block-coblocks-faq-item\" itemprop=\"mainEntity\" itemscope itemtype=\"https:\/\/schema.org\/Question\"><summary class=\"wp-block-coblocks-faq-item__question\" itemprop=\"name\"><div class=\"wp-block-coblocks-faq-item__question__content\">\u00c0 quoi servent les dons ?<\/div><svg fill=\"none\" viewbox=\"0 0 24 24\" xmlns=\"http:\/\/www.w3.org\/2000\/svg\" width=\"24\" height=\"24\" class=\"wp-block-coblocks-faq-item__question__icon\" aria-hidden=\"true\"><path fill=\"currentColor\" fill-rule=\"evenodd\" clip-rule=\"evenodd\" d=\"M19.39 14.99l-1.41 1.41L12 10.43 6.02 16.4l-1.41-1.41L12 7.6l7.39 7.39z\"><\/path><\/svg><\/summary><div class=\"wp-block-coblocks-faq-item__answer\" itemprop=\"acceptedAnswer\" itemscope itemtype=\"https:\/\/schema.org\/Answer\"><div itemprop=\"text\">\n<p>Chaque dollar va directement \u00e0 :<br>-Turn farmlands into biodiverse forests thriving with life, integrating agroforestry systems and silvopastures that benefit local communities and markets.<br>-Restore forests that have long been treated as mere spectators, even though they sustain the stage, the actors, and the air between every line\u2026 while we tap dance under the spotlight with no shared choreography.<br>-Support researching better alternatives to energy technologies dependent on extractive fuel and mineral systems.<\/p>\n\n\n\n<p class=\"has-text-color has-link-color wp-elements-5da68f2daf28626455f01a6d4d52376d\" style=\"color:#fdb813\">Critical challenges require critical plans of actions.<br><\/p>\n<\/div><\/div><\/details>\n\n\n\n<details class=\"wp-block-coblocks-faq-item\" itemprop=\"mainEntity\" itemscope itemtype=\"https:\/\/schema.org\/Question\"><summary class=\"wp-block-coblocks-faq-item__question\" itemprop=\"name\"><div class=\"wp-block-coblocks-faq-item__question__content\">Why do you self proclaim &#8220;The Son of the Sun&#8221;?<\/div><svg fill=\"none\" viewbox=\"0 0 24 24\" xmlns=\"http:\/\/www.w3.org\/2000\/svg\" width=\"24\" height=\"24\" class=\"wp-block-coblocks-faq-item__question__icon\" aria-hidden=\"true\"><path fill=\"currentColor\" fill-rule=\"evenodd\" clip-rule=\"evenodd\" d=\"M19.39 14.99l-1.41 1.41L12 10.43 6.02 16.4l-1.41-1.41L12 7.6l7.39 7.39z\"><\/path><\/svg><\/summary><div class=\"wp-block-coblocks-faq-item__answer\" itemprop=\"acceptedAnswer\" itemscope itemtype=\"https:\/\/schema.org\/Answer\"><div itemprop=\"text\">\n<p>First, know that you are also a son or daughter of the Sun.<\/p>\n\n\n\n<p>Every tree, every animal, every drop of fuel in your body originates from stellar light stored through time.<\/p>\n\n\n\n<p>I love calling myself that way because a Star does not negotiate with the darkness.<br>It does not argue with clouds.<br>It does not dim because someone misunderstands fusion physics.<\/p>\n\n\n\n<p>It simply continues the reaction.<\/p>\n\n\n\n<p>It radiates clarity, warmth, and direction across space and time, without ever being diminished by noise.<\/p>\n\n\n\n<p>Stars do not choose who receives their light, just as the Universe does not womb one Star above another.<br>They simply express their nature.<\/p>\n\n\n\n<p>And by doing so, they make life possible.<\/p>\n\n\n\n<p class=\"has-text-color has-link-color wp-elements-882d7924afd00e5488de620bf63e9f27\" style=\"color:#fdb813\">And what if we are all future Stars?<\/p>\n<\/div><\/div><\/details>\n<\/div>\n<\/div><\/div>\n<\/div>\n<\/div>","protected":false},"excerpt":{"rendered":"","protected":false},"author":1,"featured_media":0,"parent":0,"menu_order":0,"comment_status":"closed","ping_status":"closed","template":"","meta":{"_coblocks_attr":"Georgia,","_coblocks_dimensions":"","_coblocks_responsive_height":"","_coblocks_accordion_ie_support":"","hide_page_title":"enabled","footnotes":""},"class_list":["post-196","page","type-page","status-publish","hentry"],"yoast_head":"<!-- This site is optimized with the Yoast SEO plugin v27.4 - https:\/\/yoast.com\/product\/yoast-seo-wordpress\/ -->\n<title>FAQ - Anchor The North<\/title>\n<meta name=\"robots\" content=\"index, follow, max-snippet:-1, max-image-preview:large, max-video-preview:-1\" \/>\n<link rel=\"canonical\" href=\"https:\/\/anchorthenorth.com\/fr\/faq-page\/\" \/>\n<meta property=\"og:locale\" content=\"fr_CA\" \/>\n<meta property=\"og:type\" content=\"article\" \/>\n<meta property=\"og:title\" content=\"FAQ - Anchor The North\" \/>\n<meta property=\"og:url\" content=\"https:\/\/anchorthenorth.com\/fr\/faq-page\/\" \/>\n<meta property=\"og:site_name\" content=\"Anchor The North\" \/>\n<meta property=\"article:modified_time\" content=\"2026-04-18T19:02:15+00:00\" \/>\n<meta property=\"og:image\" content=\"https:\/\/anchorthenorth.com\/wp-content\/uploads\/2025\/07\/How-to-Grow-Weeping-Willow-Feature.jpg\" \/>\n\t<meta property=\"og:image:width\" content=\"1200\" \/>\n\t<meta property=\"og:image:height\" content=\"800\" \/>\n\t<meta property=\"og:image:type\" content=\"image\/jpeg\" \/>\n<meta name=\"twitter:card\" content=\"summary_large_image\" \/>\n<meta name=\"twitter:label1\" content=\"Estimation du temps de lecture\" \/>\n\t<meta name=\"twitter:data1\" content=\"3 minutes\" \/>\n<script type=\"application\/ld+json\" class=\"yoast-schema-graph\">{\"@context\":\"https:\\\/\\\/schema.org\",\"@graph\":[{\"@type\":\"WebPage\",\"@id\":\"https:\\\/\\\/anchorthenorth.com\\\/faq-page\\\/\",\"url\":\"https:\\\/\\\/anchorthenorth.com\\\/faq-page\\\/\",\"name\":\"FAQ - Anchor The North\",\"isPartOf\":{\"@id\":\"https:\\\/\\\/anchorthenorth.com\\\/en\\\/#website\"},\"primaryImageOfPage\":{\"@id\":\"https:\\\/\\\/anchorthenorth.com\\\/faq-page\\\/#primaryimage\"},\"image\":{\"@id\":\"https:\\\/\\\/anchorthenorth.com\\\/faq-page\\\/#primaryimage\"},\"thumbnailUrl\":\"https:\\\/\\\/anchorthenorth.com\\\/wp-content\\\/uploads\\\/2025\\\/07\\\/How-to-Grow-Weeping-Willow-Feature-1024x683.jpg\",\"datePublished\":\"2025-06-25T15:54:26+00:00\",\"dateModified\":\"2026-04-18T19:02:15+00:00\",\"breadcrumb\":{\"@id\":\"https:\\\/\\\/anchorthenorth.com\\\/faq-page\\\/#breadcrumb\"},\"inLanguage\":\"fr-CA\",\"potentialAction\":[{\"@type\":\"ReadAction\",\"target\":[\"https:\\\/\\\/anchorthenorth.com\\\/faq-page\\\/\"]}]},{\"@type\":\"ImageObject\",\"inLanguage\":\"fr-CA\",\"@id\":\"https:\\\/\\\/anchorthenorth.com\\\/faq-page\\\/#primaryimage\",\"url\":\"https:\\\/\\\/anchorthenorth.com\\\/wp-content\\\/uploads\\\/2025\\\/07\\\/How-to-Grow-Weeping-Willow-Feature-1024x683.jpg\",\"contentUrl\":\"https:\\\/\\\/anchorthenorth.com\\\/wp-content\\\/uploads\\\/2025\\\/07\\\/How-to-Grow-Weeping-Willow-Feature-1024x683.jpg\"},{\"@type\":\"BreadcrumbList\",\"@id\":\"https:\\\/\\\/anchorthenorth.com\\\/faq-page\\\/#breadcrumb\",\"itemListElement\":[{\"@type\":\"ListItem\",\"position\":1,\"name\":\"Home\",\"item\":\"https:\\\/\\\/anchorthenorth.com\\\/\"},{\"@type\":\"ListItem\",\"position\":2,\"name\":\"FAQ\"}]},{\"@type\":\"WebSite\",\"@id\":\"https:\\\/\\\/anchorthenorth.com\\\/en\\\/#website\",\"url\":\"https:\\\/\\\/anchorthenorth.com\\\/en\\\/\",\"name\":\"Anchor The North\",\"description\":\"Our mission is to reforest and rebalance our climate\",\"publisher\":{\"@id\":\"https:\\\/\\\/anchorthenorth.com\\\/en\\\/#organization\"},\"potentialAction\":[{\"@type\":\"SearchAction\",\"target\":{\"@type\":\"EntryPoint\",\"urlTemplate\":\"https:\\\/\\\/anchorthenorth.com\\\/en\\\/?s={search_term_string}\"},\"query-input\":{\"@type\":\"PropertyValueSpecification\",\"valueRequired\":true,\"valueName\":\"search_term_string\"}}],\"inLanguage\":\"fr-CA\"},{\"@type\":\"Organization\",\"@id\":\"https:\\\/\\\/anchorthenorth.com\\\/en\\\/#organization\",\"name\":\"Anchor The North\",\"url\":\"https:\\\/\\\/anchorthenorth.com\\\/en\\\/\",\"logo\":{\"@type\":\"ImageObject\",\"inLanguage\":\"fr-CA\",\"@id\":\"https:\\\/\\\/anchorthenorth.com\\\/en\\\/#\\\/schema\\\/logo\\\/image\\\/\",\"url\":\"https:\\\/\\\/anchorthenorth.com\\\/wp-content\\\/uploads\\\/2025\\\/06\\\/cropped-e50628f6-543d-4982-b8cf-562a9bc4bed4.png\",\"contentUrl\":\"https:\\\/\\\/anchorthenorth.com\\\/wp-content\\\/uploads\\\/2025\\\/06\\\/cropped-e50628f6-543d-4982-b8cf-562a9bc4bed4.png\",\"width\":1024,\"height\":1024,\"caption\":\"Anchor The North\"},\"image\":{\"@id\":\"https:\\\/\\\/anchorthenorth.com\\\/en\\\/#\\\/schema\\\/logo\\\/image\\\/\"}}]}<\/script>\n<!-- \/ Yoast SEO plugin. -->","yoast_head_json":{"title":"FAQ - Anchor The North","robots":{"index":"index","follow":"follow","max-snippet":"max-snippet:-1","max-image-preview":"max-image-preview:large","max-video-preview":"max-video-preview:-1"},"canonical":"https:\/\/anchorthenorth.com\/fr\/faq-page\/","og_locale":"fr_CA","og_type":"article","og_title":"FAQ - Anchor The North","og_url":"https:\/\/anchorthenorth.com\/fr\/faq-page\/","og_site_name":"Anchor The North","article_modified_time":"2026-04-18T19:02:15+00:00","og_image":[{"width":1200,"height":800,"url":"https:\/\/anchorthenorth.com\/wp-content\/uploads\/2025\/07\/How-to-Grow-Weeping-Willow-Feature.jpg","type":"image\/jpeg"}],"twitter_card":"summary_large_image","twitter_misc":{"Estimation du temps de lecture":"3 minutes"},"schema":{"@context":"https:\/\/schema.org","@graph":[{"@type":"WebPage","@id":"https:\/\/anchorthenorth.com\/faq-page\/","url":"https:\/\/anchorthenorth.com\/faq-page\/","name":"FAQ - Anchor The North","isPartOf":{"@id":"https:\/\/anchorthenorth.com\/en\/#website"},"primaryImageOfPage":{"@id":"https:\/\/anchorthenorth.com\/faq-page\/#primaryimage"},"image":{"@id":"https:\/\/anchorthenorth.com\/faq-page\/#primaryimage"},"thumbnailUrl":"https:\/\/anchorthenorth.com\/wp-content\/uploads\/2025\/07\/How-to-Grow-Weeping-Willow-Feature-1024x683.jpg","datePublished":"2025-06-25T15:54:26+00:00","dateModified":"2026-04-18T19:02:15+00:00","breadcrumb":{"@id":"https:\/\/anchorthenorth.com\/faq-page\/#breadcrumb"},"inLanguage":"fr-CA","potentialAction":[{"@type":"ReadAction","target":["https:\/\/anchorthenorth.com\/faq-page\/"]}]},{"@type":"ImageObject","inLanguage":"fr-CA","@id":"https:\/\/anchorthenorth.com\/faq-page\/#primaryimage","url":"https:\/\/anchorthenorth.com\/wp-content\/uploads\/2025\/07\/How-to-Grow-Weeping-Willow-Feature-1024x683.jpg","contentUrl":"https:\/\/anchorthenorth.com\/wp-content\/uploads\/2025\/07\/How-to-Grow-Weeping-Willow-Feature-1024x683.jpg"},{"@type":"BreadcrumbList","@id":"https:\/\/anchorthenorth.com\/faq-page\/#breadcrumb","itemListElement":[{"@type":"ListItem","position":1,"name":"Home","item":"https:\/\/anchorthenorth.com\/"},{"@type":"ListItem","position":2,"name":"FAQ"}]},{"@type":"WebSite","@id":"https:\/\/anchorthenorth.com\/en\/#website","url":"https:\/\/anchorthenorth.com\/en\/","name":"Anchor The North","description":"Our mission is to reforest and rebalance our climate","publisher":{"@id":"https:\/\/anchorthenorth.com\/en\/#organization"},"potentialAction":[{"@type":"SearchAction","target":{"@type":"EntryPoint","urlTemplate":"https:\/\/anchorthenorth.com\/en\/?s={search_term_string}"},"query-input":{"@type":"PropertyValueSpecification","valueRequired":true,"valueName":"search_term_string"}}],"inLanguage":"fr-CA"},{"@type":"Organization","@id":"https:\/\/anchorthenorth.com\/en\/#organization","name":"Anchor The North","url":"https:\/\/anchorthenorth.com\/en\/","logo":{"@type":"ImageObject","inLanguage":"fr-CA","@id":"https:\/\/anchorthenorth.com\/en\/#\/schema\/logo\/image\/","url":"https:\/\/anchorthenorth.com\/wp-content\/uploads\/2025\/06\/cropped-e50628f6-543d-4982-b8cf-562a9bc4bed4.png","contentUrl":"https:\/\/anchorthenorth.com\/wp-content\/uploads\/2025\/06\/cropped-e50628f6-543d-4982-b8cf-562a9bc4bed4.png","width":1024,"height":1024,"caption":"Anchor The North"},"image":{"@id":"https:\/\/anchorthenorth.com\/en\/#\/schema\/logo\/image\/"}}]}},"jetpack_sharing_enabled":true,"_links":{"self":[{"href":"https:\/\/anchorthenorth.com\/fr\/wp-json\/wp\/v2\/pages\/196","targetHints":{"allow":["GET"]}}],"collection":[{"href":"https:\/\/anchorthenorth.com\/fr\/wp-json\/wp\/v2\/pages"}],"about":[{"href":"https:\/\/anchorthenorth.com\/fr\/wp-json\/wp\/v2\/types\/page"}],"author":[{"embeddable":true,"href":"https:\/\/anchorthenorth.com\/fr\/wp-json\/wp\/v2\/users\/1"}],"replies":[{"embeddable":true,"href":"https:\/\/anchorthenorth.com\/fr\/wp-json\/wp\/v2\/comments?post=196"}],"version-history":[{"count":24,"href":"https:\/\/anchorthenorth.com\/fr\/wp-json\/wp\/v2\/pages\/196\/revisions"}],"predecessor-version":[{"id":576,"href":"https:\/\/anchorthenorth.com\/fr\/wp-json\/wp\/v2\/pages\/196\/revisions\/576"}],"wp:attachment":[{"href":"https:\/\/anchorthenorth.com\/fr\/wp-json\/wp\/v2\/media?parent=196"}],"curies":[{"name":"wp","href":"https:\/\/api.w.org\/{rel}","templated":true}]}}