{"id":193,"date":"2025-06-25T15:54:25","date_gmt":"2025-06-25T15:54:25","guid":{"rendered":"https:\/\/anchorthenorth.com\/shop-home-page\/"},"modified":"2026-03-23T22:27:33","modified_gmt":"2026-03-23T22:27:33","slug":"shop-home-page","status":"publish","type":"page","link":"https:\/\/anchorthenorth.com\/fr\/","title":{"rendered":"Home"},"content":{"rendered":"<div class=\"wp-block-cover alignfull has-custom-content-position is-position-top-center is-style-default has-quaternary-color has-text-color has-link-color mb-0 wp-elements-e251f8cf205b19a68b01ace07d3f5c28\" style=\"padding-top:var(--wp--preset--spacing--70);padding-right:var(--wp--preset--spacing--70);padding-bottom:var(--wp--preset--spacing--70);padding-left:var(--wp--preset--spacing--70);min-height:821px;aspect-ratio:unset;\"><img loading=\"lazy\" decoding=\"async\" width=\"2560\" height=\"1216\" class=\"wp-block-cover__image-background wp-image-243 size-full\" alt=\"\" src=\"https:\/\/anchorthenorth.com\/wp-content\/uploads\/2025\/06\/beautiful-scenery-river-surrounded-by-greenery-forest-scaled-e1751202984233.jpg\" data-object-fit=\"cover\" srcset=\"https:\/\/anchorthenorth.com\/wp-content\/uploads\/2025\/06\/beautiful-scenery-river-surrounded-by-greenery-forest-scaled-e1751202984233.jpg 2560w, https:\/\/anchorthenorth.com\/wp-content\/uploads\/2025\/06\/beautiful-scenery-river-surrounded-by-greenery-forest-scaled-e1751202984233-300x143.jpg 300w, https:\/\/anchorthenorth.com\/wp-content\/uploads\/2025\/06\/beautiful-scenery-river-surrounded-by-greenery-forest-scaled-e1751202984233-1024x486.jpg 1024w, https:\/\/anchorthenorth.com\/wp-content\/uploads\/2025\/06\/beautiful-scenery-river-surrounded-by-greenery-forest-scaled-e1751202984233-768x365.jpg 768w, https:\/\/anchorthenorth.com\/wp-content\/uploads\/2025\/06\/beautiful-scenery-river-surrounded-by-greenery-forest-scaled-e1751202984233-1536x730.jpg 1536w, https:\/\/anchorthenorth.com\/wp-content\/uploads\/2025\/06\/beautiful-scenery-river-surrounded-by-greenery-forest-scaled-e1751202984233-2048x973.jpg 2048w, https:\/\/anchorthenorth.com\/wp-content\/uploads\/2025\/06\/beautiful-scenery-river-surrounded-by-greenery-forest-scaled-e1751202984233-600x285.jpg 600w\" sizes=\"auto, (max-width: 2560px) 100vw, 2560px\" \/><span aria-hidden=\"true\" class=\"wp-block-cover__background has-black-background-color has-background-dim-30 has-background-dim\"><\/span><div class=\"wp-block-cover__inner-container is-layout-constrained wp-container-core-cover-is-layout-8904fbb8 wp-block-cover-is-layout-constrained\">\n<p style=\"line-height:1;font-size:24px\" class=\"has-custom-lineheight\"><strong>Nous ne plantons pas seulement des arbres. Nous plantons des preuves.<\/strong><\/p>\n\n\n\n<p class=\"has-small-font-size\">Dans un monde o\u00f9 l'on rase des \u00e9cosyst\u00e8mes entiers au nom du progr\u00e8s, nous faisons les choses autrement.<br>Nous ancrons. Nous r\u00e9g\u00e9n\u00e9rons. L\u00e0 o\u00f9 les corporations s\u00e8ment la mort, nous ramenons la vie.<\/p>\n\n\n\n<p class=\"has-small-font-size\"><strong>Ce n\u2019est pas du reboisement. C\u2019est une r\u00e9surrection.<\/strong><\/p>\n\n\n\n<p class=\"has-small-font-size\">Pendant qu\u2019ils envoient des \u00e9quipes pour replanter des rang\u00e9es de conif\u00e8res vou\u00e9es \u00e0 br\u00fbler ou \u00e0 \u00eatre recoup\u00e9es \u00e0 blanc,<br>nous construisons des for\u00eats pens\u00e9es pour <strong>\u00eatre \u00e9ternelles<\/strong> enracin\u00e9es dans la biodiversit\u00e9, l'abondance, et l\u2019\u00e9quilibre.<\/p>\n\n\n\n<p class=\"has-small-font-size\">Nous n\u2019attendons pas de permis.<br>Nous ne remplissons pas de rapports.<br>Nous allons l\u00e0 o\u00f9 la terre est muette \u2014 et nous ramenons le bourdonnement de la vie.<\/p>\n\n\n\n<p class=\"has-small-font-size has-custom-lineheight\" style=\"line-height:1;font-size:21px\">Une for\u00eat \u00e0 la fois.<\/p>\n\n\n\n<p class=\"has-small-font-size has-custom-lineheight\" style=\"line-height:1;font-size:21px\"><br>Un arbre \u00e0 la fois.<\/p>\n\n\n\n<p class=\"has-small-font-size has-custom-lineheight\" style=\"line-height:1;font-size:21px\"><br>One man under the Sun, to show the rest it\u2019s possible.<\/p>\n\n\n\n<div class=\"wp-block-buttons is-layout-flex wp-block-buttons-is-layout-flex\">\n<div class=\"wp-block-button coblocks-animate\" data-coblocks-animation=\"slideInLeft\"><a class=\"wp-block-button__link has-quaternary-color has-text-color has-background has-link-color wp-element-button\" href=\"http:\/\/anchorthenorth.com\/fr\/jointhemission\/\" style=\"background-color:#041c00\">JOINDRE LA MISSION<\/a><\/div>\n\n\n\n<div class=\"wp-block-button is-style-fill coblocks-animate\" data-coblocks-animation=\"slideInRight\"><a class=\"wp-block-button__link has-quaternary-color has-primary-background-color has-text-color has-background has-link-color wp-element-button\" href=\"https:\/\/gofund.me\/8bebfbdfc\">Donate Now<\/a><\/div>\n<\/div>\n<\/div><\/div>","protected":false},"excerpt":{"rendered":"","protected":false},"author":1,"featured_media":0,"parent":0,"menu_order":0,"comment_status":"closed","ping_status":"closed","template":"","meta":{"_coblocks_attr":"","_coblocks_dimensions":"","_coblocks_responsive_height":"{\"coblocks-hero-912144757627\":{\"height\":{\"height\":680}}}","_coblocks_accordion_ie_support":"","hide_page_title":"disabled","footnotes":""},"class_list":["post-193","page","type-page","status-publish","hentry"],"yoast_head":"<!-- This site is optimized with the Yoast SEO plugin v27.4 - https:\/\/yoast.com\/product\/yoast-seo-wordpress\/ -->\n<title>Home - Anchor The North<\/title>\n<meta name=\"robots\" content=\"index, follow, max-snippet:-1, max-image-preview:large, max-video-preview:-1\" \/>\n<link rel=\"canonical\" href=\"https:\/\/anchorthenorth.com\/fr\/\" \/>\n<meta property=\"og:locale\" content=\"fr_CA\" \/>\n<meta property=\"og:type\" content=\"article\" \/>\n<meta property=\"og:title\" content=\"Home - Anchor The North\" \/>\n<meta property=\"og:url\" content=\"https:\/\/anchorthenorth.com\/fr\/\" \/>\n<meta property=\"og:site_name\" content=\"Anchor The North\" \/>\n<meta property=\"article:modified_time\" content=\"2026-03-23T22:27:33+00:00\" \/>\n<meta property=\"og:image\" content=\"https:\/\/anchorthenorth.com\/wp-content\/uploads\/2025\/06\/beautiful-scenery-river-surrounded-by-greenery-forest-scaled-e1751202984233.jpg\" \/>\n\t<meta property=\"og:image:width\" content=\"2560\" \/>\n\t<meta property=\"og:image:height\" content=\"1216\" \/>\n\t<meta property=\"og:image:type\" content=\"image\/jpeg\" \/>\n<meta name=\"twitter:card\" content=\"summary_large_image\" \/>\n<meta name=\"twitter:label1\" content=\"Estimation du temps de lecture\" \/>\n\t<meta name=\"twitter:data1\" content=\"1 minute\" \/>\n<script type=\"application\/ld+json\" class=\"yoast-schema-graph\">{\"@context\":\"https:\\\/\\\/schema.org\",\"@graph\":[{\"@type\":\"WebPage\",\"@id\":\"https:\\\/\\\/anchorthenorth.com\\\/\",\"url\":\"https:\\\/\\\/anchorthenorth.com\\\/\",\"name\":\"Home - Anchor The North\",\"isPartOf\":{\"@id\":\"https:\\\/\\\/anchorthenorth.com\\\/en\\\/#website\"},\"primaryImageOfPage\":{\"@id\":\"https:\\\/\\\/anchorthenorth.com\\\/#primaryimage\"},\"image\":{\"@id\":\"https:\\\/\\\/anchorthenorth.com\\\/#primaryimage\"},\"thumbnailUrl\":\"https:\\\/\\\/anchorthenorth.com\\\/wp-content\\\/uploads\\\/2025\\\/06\\\/beautiful-scenery-river-surrounded-by-greenery-forest-scaled-e1751202984233.jpg\",\"datePublished\":\"2025-06-25T15:54:25+00:00\",\"dateModified\":\"2026-03-23T22:27:33+00:00\",\"breadcrumb\":{\"@id\":\"https:\\\/\\\/anchorthenorth.com\\\/#breadcrumb\"},\"inLanguage\":\"fr-CA\",\"potentialAction\":[{\"@type\":\"ReadAction\",\"target\":[\"https:\\\/\\\/anchorthenorth.com\\\/\"]}]},{\"@type\":\"ImageObject\",\"inLanguage\":\"fr-CA\",\"@id\":\"https:\\\/\\\/anchorthenorth.com\\\/#primaryimage\",\"url\":\"https:\\\/\\\/anchorthenorth.com\\\/wp-content\\\/uploads\\\/2025\\\/06\\\/beautiful-scenery-river-surrounded-by-greenery-forest-scaled-e1751202984233.jpg\",\"contentUrl\":\"https:\\\/\\\/anchorthenorth.com\\\/wp-content\\\/uploads\\\/2025\\\/06\\\/beautiful-scenery-river-surrounded-by-greenery-forest-scaled-e1751202984233.jpg\"},{\"@type\":\"BreadcrumbList\",\"@id\":\"https:\\\/\\\/anchorthenorth.com\\\/#breadcrumb\",\"itemListElement\":[{\"@type\":\"ListItem\",\"position\":1,\"name\":\"Home\",\"item\":\"https:\\\/\\\/anchorthenorth.com\\\/\"},{\"@type\":\"ListItem\",\"position\":2,\"name\":\"Home\"}]},{\"@type\":\"WebSite\",\"@id\":\"https:\\\/\\\/anchorthenorth.com\\\/en\\\/#website\",\"url\":\"https:\\\/\\\/anchorthenorth.com\\\/en\\\/\",\"name\":\"Anchor The North\",\"description\":\"Our mission is to reforest and rebalance our climate\",\"publisher\":{\"@id\":\"https:\\\/\\\/anchorthenorth.com\\\/en\\\/#organization\"},\"potentialAction\":[{\"@type\":\"SearchAction\",\"target\":{\"@type\":\"EntryPoint\",\"urlTemplate\":\"https:\\\/\\\/anchorthenorth.com\\\/en\\\/?s={search_term_string}\"},\"query-input\":{\"@type\":\"PropertyValueSpecification\",\"valueRequired\":true,\"valueName\":\"search_term_string\"}}],\"inLanguage\":\"fr-CA\"},{\"@type\":\"Organization\",\"@id\":\"https:\\\/\\\/anchorthenorth.com\\\/en\\\/#organization\",\"name\":\"Anchor The North\",\"url\":\"https:\\\/\\\/anchorthenorth.com\\\/en\\\/\",\"logo\":{\"@type\":\"ImageObject\",\"inLanguage\":\"fr-CA\",\"@id\":\"https:\\\/\\\/anchorthenorth.com\\\/en\\\/#\\\/schema\\\/logo\\\/image\\\/\",\"url\":\"https:\\\/\\\/anchorthenorth.com\\\/wp-content\\\/uploads\\\/2025\\\/06\\\/cropped-e50628f6-543d-4982-b8cf-562a9bc4bed4.png\",\"contentUrl\":\"https:\\\/\\\/anchorthenorth.com\\\/wp-content\\\/uploads\\\/2025\\\/06\\\/cropped-e50628f6-543d-4982-b8cf-562a9bc4bed4.png\",\"width\":1024,\"height\":1024,\"caption\":\"Anchor The North\"},\"image\":{\"@id\":\"https:\\\/\\\/anchorthenorth.com\\\/en\\\/#\\\/schema\\\/logo\\\/image\\\/\"}}]}<\/script>\n<!-- \/ Yoast SEO plugin. -->","yoast_head_json":{"title":"Home - Anchor The North","robots":{"index":"index","follow":"follow","max-snippet":"max-snippet:-1","max-image-preview":"max-image-preview:large","max-video-preview":"max-video-preview:-1"},"canonical":"https:\/\/anchorthenorth.com\/fr\/","og_locale":"fr_CA","og_type":"article","og_title":"Home - Anchor The North","og_url":"https:\/\/anchorthenorth.com\/fr\/","og_site_name":"Anchor The North","article_modified_time":"2026-03-23T22:27:33+00:00","og_image":[{"width":2560,"height":1216,"url":"https:\/\/anchorthenorth.com\/wp-content\/uploads\/2025\/06\/beautiful-scenery-river-surrounded-by-greenery-forest-scaled-e1751202984233.jpg","type":"image\/jpeg"}],"twitter_card":"summary_large_image","twitter_misc":{"Estimation du temps de lecture":"1 minute"},"schema":{"@context":"https:\/\/schema.org","@graph":[{"@type":"WebPage","@id":"https:\/\/anchorthenorth.com\/","url":"https:\/\/anchorthenorth.com\/","name":"Home - Anchor The North","isPartOf":{"@id":"https:\/\/anchorthenorth.com\/en\/#website"},"primaryImageOfPage":{"@id":"https:\/\/anchorthenorth.com\/#primaryimage"},"image":{"@id":"https:\/\/anchorthenorth.com\/#primaryimage"},"thumbnailUrl":"https:\/\/anchorthenorth.com\/wp-content\/uploads\/2025\/06\/beautiful-scenery-river-surrounded-by-greenery-forest-scaled-e1751202984233.jpg","datePublished":"2025-06-25T15:54:25+00:00","dateModified":"2026-03-23T22:27:33+00:00","breadcrumb":{"@id":"https:\/\/anchorthenorth.com\/#breadcrumb"},"inLanguage":"fr-CA","potentialAction":[{"@type":"ReadAction","target":["https:\/\/anchorthenorth.com\/"]}]},{"@type":"ImageObject","inLanguage":"fr-CA","@id":"https:\/\/anchorthenorth.com\/#primaryimage","url":"https:\/\/anchorthenorth.com\/wp-content\/uploads\/2025\/06\/beautiful-scenery-river-surrounded-by-greenery-forest-scaled-e1751202984233.jpg","contentUrl":"https:\/\/anchorthenorth.com\/wp-content\/uploads\/2025\/06\/beautiful-scenery-river-surrounded-by-greenery-forest-scaled-e1751202984233.jpg"},{"@type":"BreadcrumbList","@id":"https:\/\/anchorthenorth.com\/#breadcrumb","itemListElement":[{"@type":"ListItem","position":1,"name":"Home","item":"https:\/\/anchorthenorth.com\/"},{"@type":"ListItem","position":2,"name":"Home"}]},{"@type":"WebSite","@id":"https:\/\/anchorthenorth.com\/en\/#website","url":"https:\/\/anchorthenorth.com\/en\/","name":"Anchor The North","description":"Our mission is to reforest and rebalance our climate","publisher":{"@id":"https:\/\/anchorthenorth.com\/en\/#organization"},"potentialAction":[{"@type":"SearchAction","target":{"@type":"EntryPoint","urlTemplate":"https:\/\/anchorthenorth.com\/en\/?s={search_term_string}"},"query-input":{"@type":"PropertyValueSpecification","valueRequired":true,"valueName":"search_term_string"}}],"inLanguage":"fr-CA"},{"@type":"Organization","@id":"https:\/\/anchorthenorth.com\/en\/#organization","name":"Anchor The North","url":"https:\/\/anchorthenorth.com\/en\/","logo":{"@type":"ImageObject","inLanguage":"fr-CA","@id":"https:\/\/anchorthenorth.com\/en\/#\/schema\/logo\/image\/","url":"https:\/\/anchorthenorth.com\/wp-content\/uploads\/2025\/06\/cropped-e50628f6-543d-4982-b8cf-562a9bc4bed4.png","contentUrl":"https:\/\/anchorthenorth.com\/wp-content\/uploads\/2025\/06\/cropped-e50628f6-543d-4982-b8cf-562a9bc4bed4.png","width":1024,"height":1024,"caption":"Anchor The North"},"image":{"@id":"https:\/\/anchorthenorth.com\/en\/#\/schema\/logo\/image\/"}}]}},"jetpack_sharing_enabled":true,"_links":{"self":[{"href":"https:\/\/anchorthenorth.com\/fr\/wp-json\/wp\/v2\/pages\/193","targetHints":{"allow":["GET"]}}],"collection":[{"href":"https:\/\/anchorthenorth.com\/fr\/wp-json\/wp\/v2\/pages"}],"about":[{"href":"https:\/\/anchorthenorth.com\/fr\/wp-json\/wp\/v2\/types\/page"}],"author":[{"embeddable":true,"href":"https:\/\/anchorthenorth.com\/fr\/wp-json\/wp\/v2\/users\/1"}],"replies":[{"embeddable":true,"href":"https:\/\/anchorthenorth.com\/fr\/wp-json\/wp\/v2\/comments?post=193"}],"version-history":[{"count":62,"href":"https:\/\/anchorthenorth.com\/fr\/wp-json\/wp\/v2\/pages\/193\/revisions"}],"predecessor-version":[{"id":538,"href":"https:\/\/anchorthenorth.com\/fr\/wp-json\/wp\/v2\/pages\/193\/revisions\/538"}],"wp:attachment":[{"href":"https:\/\/anchorthenorth.com\/fr\/wp-json\/wp\/v2\/media?parent=193"}],"curies":[{"name":"wp","href":"https:\/\/api.w.org\/{rel}","templated":true}]}}